{"id":2048,"date":"2025-06-10T09:42:46","date_gmt":"2025-06-10T07:42:46","guid":{"rendered":"https:\/\/gk-korcula.hr\/nova\/?page_id=2048"},"modified":"2025-06-10T09:43:25","modified_gmt":"2025-06-10T07:43:25","slug":"doniraj","status":"publish","type":"page","link":"https:\/\/gk-korcula.hr\/nova\/doniraj\/","title":{"rendered":"Doniraj"},"content":{"rendered":"<p>[et_pb_section fb_built=&#8221;1&#8243; theme_builder_area=&#8221;post_content&#8221; _builder_version=&#8221;4.27.4&#8243; _module_preset=&#8221;default&#8221;][et_pb_row _builder_version=&#8221;4.27.4&#8243; _module_preset=&#8221;default&#8221; theme_builder_area=&#8221;post_content&#8221;][et_pb_column _builder_version=&#8221;4.27.4&#8243; _module_preset=&#8221;default&#8221; type=&#8221;4_4&#8243; theme_builder_area=&#8221;post_content&#8221;][et_pb_heading title=&#8221;Doniraj&#8221; _builder_version=&#8221;4.27.4&#8243; _module_preset=&#8221;default&#8221; theme_builder_area=&#8221;post_content&#8221; hover_enabled=&#8221;0&#8243; sticky_enabled=&#8221;0&#8243; title_font_size=&#8221;80px&#8221;][\/et_pb_heading][et_pb_text _builder_version=&#8221;4.27.4&#8243; _module_preset=&#8221;default&#8221; theme_builder_area=&#8221;post_content&#8221; text_font_size=&#8221;22px&#8221; text_line_height=&#8221;1.9em&#8221; hover_enabled=&#8221;0&#8243; sticky_enabled=&#8221;0&#8243;]<\/p>\n<p>Potpore na lokalnom, regionalnom i nacionalnom nivou pokrivaju samo dio operativnih tro\u0161kova knji\u017enice. Kako bi uspje\u0161no realizirali na\u0161e programe s ciljem razvoja \u010ditateljske i drugih vrsta pismenosti, cjelo\u017eivotnog u\u010denja,\u00a0 umjetni\u010dkog stvarala\u0161tva, inovativnosti i kreativnosti u zajednici, va\u017ena nam je podr\u0161ka velikodu\u0161nih pojedinaca poput Vas.<\/p>\n<p>Va\u0161 doprinos poma\u017ee da ove vitalne usluge za kulturni i gospodarski napredak, ostanu BESPLATNE za sve Kor\u010dulane!\u00a0<\/p>\n<p>&nbsp;<\/p>\n<p>[\/et_pb_text][et_pb_cta title=&#8221;Podaci za uplatu&#8221; button_text=&#8221;Click Here&#8221; _builder_version=&#8221;4.27.4&#8243; _module_preset=&#8221;default&#8221; theme_builder_area=&#8221;post_content&#8221; body_font_size=&#8221;22px&#8221; body_line_height=&#8221;1.9em&#8221; header_level=&#8221;h1&#8243; hover_enabled=&#8221;0&#8243; sticky_enabled=&#8221;0&#8243;]<\/p>\n<div>Hrvatska po\u0161tanska banka d.d.<\/div>\n<div>IBAN: HR50 2390 0011 8204 00008<\/div>\n<div>Model: HR64<\/div>\n<div>Poziv na br.: 7765-31987 &#8211; OIB Uplatitelja<\/div>\n<div><\/div>\n<p>[\/et_pb_cta][\/et_pb_column][\/et_pb_row][\/et_pb_section]<\/p>\n","protected":false},"excerpt":{"rendered":"<p>Potpore na lokalnom, regionalnom i nacionalnom nivou pokrivaju samo dio operativnih tro\u0161kova knji\u017enice. Kako bi uspje\u0161no realizirali na\u0161e programe s ciljem razvoja \u010ditateljske i drugih vrsta pismenosti, cjelo\u017eivotnog u\u010denja,\u00a0 umjetni\u010dkog [&hellip;]<\/p>\n","protected":false},"author":3,"featured_media":0,"parent":0,"menu_order":0,"comment_status":"closed","ping_status":"closed","template":"","meta":{"_et_pb_use_builder":"on","_et_pb_old_content":"","_et_gb_content_width":"","footnotes":""},"class_list":["post-2048","page","type-page","status-publish","hentry"],"_links":{"self":[{"href":"https:\/\/gk-korcula.hr\/nova\/wp-json\/wp\/v2\/pages\/2048","targetHints":{"allow":["GET"]}}],"collection":[{"href":"https:\/\/gk-korcula.hr\/nova\/wp-json\/wp\/v2\/pages"}],"about":[{"href":"https:\/\/gk-korcula.hr\/nova\/wp-json\/wp\/v2\/types\/page"}],"author":[{"embeddable":true,"href":"https:\/\/gk-korcula.hr\/nova\/wp-json\/wp\/v2\/users\/3"}],"replies":[{"embeddable":true,"href":"https:\/\/gk-korcula.hr\/nova\/wp-json\/wp\/v2\/comments?post=2048"}],"version-history":[{"count":3,"href":"https:\/\/gk-korcula.hr\/nova\/wp-json\/wp\/v2\/pages\/2048\/revisions"}],"predecessor-version":[{"id":2052,"href":"https:\/\/gk-korcula.hr\/nova\/wp-json\/wp\/v2\/pages\/2048\/revisions\/2052"}],"wp:attachment":[{"href":"https:\/\/gk-korcula.hr\/nova\/wp-json\/wp\/v2\/media?parent=2048"}],"curies":[{"name":"wp","href":"https:\/\/api.w.org\/{rel}","templated":true}]}}