{"id":385,"date":"2024-07-15T06:45:40","date_gmt":"2024-07-15T06:45:40","guid":{"rendered":"https:\/\/gk-korcula.hr\/nova\/?page_id=385"},"modified":"2024-07-19T16:40:02","modified_gmt":"2024-07-19T14:40:02","slug":"upute-za-aplikaciju-ezaki","status":"publish","type":"page","link":"https:\/\/gk-korcula.hr\/nova\/upute-za-aplikaciju-ezaki\/","title":{"rendered":"Upute za aplikaciju eZaki"},"content":{"rendered":"<p>[et_pb_section fb_built=&#8221;1&#8243; admin_label=&#8221;Header&#8221; _builder_version=&#8221;4.16&#8243; _module_preset=&#8221;default&#8221; global_colors_info=&#8221;{}&#8221;][et_pb_row _builder_version=&#8221;4.16&#8243; _module_preset=&#8221;default&#8221; custom_padding=&#8221;||0px|||&#8221; global_colors_info=&#8221;{}&#8221;][et_pb_column type=&#8221;4_4&#8243; _builder_version=&#8221;4.16&#8243; _module_preset=&#8221;default&#8221; global_colors_info=&#8221;{}&#8221;][et_pb_text _builder_version=&#8221;4.26.0&#8243; _module_preset=&#8221;e598b17a-9229-42f6-b238-019d6094332e&#8221; header_font=&#8221;Roboto|500|||||||&#8221; header_text_color=&#8221;#000000&#8243; header_font_size=&#8221;55px&#8221; header_line_height=&#8221;1.15em&#8221; header_font_size_tablet=&#8221;40px&#8221; header_font_size_phone=&#8221;24px&#8221; header_font_size_last_edited=&#8221;on|desktop&#8221; locked=&#8221;off&#8221; global_colors_info=&#8221;{}&#8221;]<\/p>\n<h1>Upute za aplikaciju eZaki<\/h1>\n<p>[\/et_pb_text][\/et_pb_column][\/et_pb_row][\/et_pb_section][et_pb_section fb_built=&#8221;1&#8243; admin_label=&#8221;Team&#8221; _builder_version=&#8221;4.16&#8243; _module_preset=&#8221;default&#8221; custom_padding=&#8221;0px|||||&#8221; global_colors_info=&#8221;{}&#8221;][et_pb_row _builder_version=&#8221;4.16&#8243; _module_preset=&#8221;default&#8221; global_colors_info=&#8221;{}&#8221;][et_pb_column type=&#8221;4_4&#8243; _builder_version=&#8221;4.16&#8243; _module_preset=&#8221;default&#8221; global_colors_info=&#8221;{}&#8221;][et_pb_accordion _builder_version=&#8221;4.26.0&#8243; _module_preset=&#8221;default&#8221; global_colors_info=&#8221;{}&#8221;][et_pb_accordion_item title=&#8221;1. Preuzimanje aplikacije&#8221; open=&#8221;on&#8221; open_toggle_text_color=&#8221;#1f3fa8&#8243; closed_toggle_text_color=&#8221;#FFFFFF&#8221; closed_toggle_background_color=&#8221;#1f3fa8&#8243; _builder_version=&#8221;4.26.0&#8243; _module_preset=&#8221;default&#8221; global_colors_info=&#8221;{}&#8221; toggle_font=&#8221;|700|||||||&#8221; toggle_font_size=&#8221;20px&#8221; closed_toggle_font=&#8221;|700|||||||&#8221; closed_toggle_font_size=&#8221;20px&#8221;]<\/p>\n<p>Aplikaciju mo\u017eete preuzeti putem linka:<span>\u00a0<\/span><a href=\"https:\/\/shorturl.at\/djGPX\" role=\"link\">https:\/\/shorturl.at\/djGPX<\/a><\/p>\n<p>ili putem QR koda<\/p>\n<p><img decoding=\"async\" src=\"https:\/\/gk-korcula.hr\/nova\/wp-content\/uploads\/2024\/07\/qrkodezaki-1-300x300.webp\" width=\"300\" height=\"300\" alt=\"\" class=\"wp-image-393 alignnone size-medium\" \/><\/p>\n<p>[\/et_pb_accordion_item][et_pb_accordion_item title=&#8221;2. Registracija&#8221; open_toggle_text_color=&#8221;#1f3fa8&#8243; closed_toggle_text_color=&#8221;#FFFFFF&#8221; closed_toggle_background_color=&#8221;#1f3fa8&#8243; _builder_version=&#8221;4.26.0&#8243; _module_preset=&#8221;default&#8221; global_colors_info=&#8221;{}&#8221; toggle_font=&#8221;|700|||||||&#8221; toggle_font_size=&#8221;20px&#8221; closed_toggle_font=&#8221;|700|||||||&#8221; closed_toggle_font_size=&#8221;20px&#8221; open=&#8221;off&#8221;]<\/p>\n<p><span>Prilikom pokretanja aplikacije otvara se ekran za registraciju\/prijavu. Prilikom prvog kori\u0161tenja aplikacije, registrirajte se pomo\u0107u adrese e-po\u0161te i samostalno izabrane lozinke za ovu aplikaciju.\u00a0 \u00a0<\/span><\/p>\n<p><span><img decoding=\"async\" src=\"https:\/\/gk-korcula.hr\/nova\/wp-content\/uploads\/2024\/07\/ezaki_registracija-148x300.jpg\" width=\"148\" height=\"300\" alt=\"\" class=\"wp-image-397 alignnone size-medium\" \/><\/span><\/p>\n<p><span><strong>Pozor!<\/strong><br \/>Za uspje\u0161an zavr\u0161etak registracije, slijedite poveznicu koja \u0107e vam sti\u0107i sandu\u010di\u0107 e-po\u0161te.<\/span><\/p>\n<p>[\/et_pb_accordion_item][et_pb_accordion_item title=&#8221;3. Prijava&#8221; open_toggle_text_color=&#8221;#1f3fa8&#8243; closed_toggle_text_color=&#8221;#FFFFFF&#8221; closed_toggle_background_color=&#8221;#1f3fa8&#8243; _builder_version=&#8221;4.26.0&#8243; _module_preset=&#8221;default&#8221; global_colors_info=&#8221;{}&#8221; toggle_font=&#8221;|700|||||||&#8221; toggle_font_size=&#8221;20px&#8221; closed_toggle_font=&#8221;|700|||||||&#8221; closed_toggle_font_size=&#8221;20px&#8221; open=&#8221;off&#8221;]<\/p>\n<p><span>Nakon uspje\u0161ne registracije, mo\u017eete se prijaviti u aplikaciju eZaKi.<\/span><\/p>\n<p><img decoding=\"async\" src=\"https:\/\/gk-korcula.hr\/nova\/wp-content\/uploads\/2024\/07\/ezaki_prijava-200x300.jpg\" width=\"200\" height=\"300\" alt=\"\" class=\"wp-image-396 alignnone size-medium\" \/><\/p>\n<p>&nbsp;<\/p>\n<p><span>Svim postoje\u0107im \u010dlanovima, koji su registrirali adresu e-po\u0161te vezanu s njihovim \u010dlanskim brojem, u aplikaciji \u0107e odmah biti vidljivi podaci.<\/span><\/p>\n<p>&nbsp;<\/p>\n<p>[\/et_pb_accordion_item][et_pb_accordion_item title=&#8221;4. Moja knji\u017enica&#8221; open_toggle_text_color=&#8221;#1f3fa8&#8243; closed_toggle_text_color=&#8221;#FFFFFF&#8221; closed_toggle_background_color=&#8221;#1f3fa8&#8243; _builder_version=&#8221;4.26.0&#8243; _module_preset=&#8221;default&#8221; global_colors_info=&#8221;{}&#8221; toggle_font=&#8221;|700|||||||&#8221; toggle_font_size=&#8221;20px&#8221; closed_toggle_font=&#8221;|700|||||||&#8221; closed_toggle_font_size=&#8221;20px&#8221; open=&#8221;off&#8221;]<\/p>\n<p>U izborniku koji se nalazi na vrhu ekrana, mo\u017eete istra\u017eiti stavke Moja knji\u017enica te pristupiti Katalogu.<\/p>\n<p><span>U padaju\u0107em izborniku Moja knji\u017enica mo\u017eete pregledati svoju trenuta\u010dnu posudbu, aktivne rezervacije te svoju povijest posudbi.<\/span><\/p>\n<p><span><\/span><\/p>\n<p><img decoding=\"async\" src=\"https:\/\/gk-korcula.hr\/nova\/wp-content\/uploads\/2024\/07\/moja_knjiznica-1-247x300.jpg\" width=\"247\" height=\"300\" alt=\"\" class=\"wp-image-400 alignnone size-medium\" \/><img decoding=\"async\" src=\"https:\/\/gk-korcula.hr\/nova\/wp-content\/uploads\/2024\/07\/moja-knjiznica-2-188x300.jpg\" width=\"188\" height=\"300\" alt=\"\" class=\"wp-image-401 alignnone size-medium\" \/><img decoding=\"async\" src=\"https:\/\/gk-korcula.hr\/nova\/wp-content\/uploads\/2024\/07\/moj-profil-2-226x300.jpg\" width=\"226\" height=\"300\" alt=\"\" class=\"wp-image-399 alignnone size-medium\" srcset=\"https:\/\/gk-korcula.hr\/nova\/wp-content\/uploads\/2024\/07\/moj-profil-2-226x300.jpg 226w, https:\/\/gk-korcula.hr\/nova\/wp-content\/uploads\/2024\/07\/moj-profil-2.jpg 300w\" sizes=\"(max-width: 226px) 100vw, 226px\" \/><\/p>\n<p>[\/et_pb_accordion_item][et_pb_accordion_item title=&#8221;5. Moj profil&#8221; open_toggle_text_color=&#8221;#1f3fa8&#8243; closed_toggle_text_color=&#8221;#FFFFFF&#8221; closed_toggle_background_color=&#8221;#1f3fa8&#8243; _builder_version=&#8221;4.26.0&#8243; _module_preset=&#8221;default&#8221; link_option_url_new_window=&#8221;on&#8221; global_colors_info=&#8221;{}&#8221; toggle_font=&#8221;|700|||||||&#8221; toggle_font_size=&#8221;20px&#8221; closed_toggle_font=&#8221;|700|||||||&#8221; closed_toggle_font_size=&#8221;20px&#8221; open=&#8221;off&#8221;]<\/p>\n<p><span>U izborniku koji se nalazi na vrhu ekrana, mo\u017eete istra\u017eiti stavke Moj profil.<\/span><\/p>\n<p><span><\/span><\/p>\n<p><span><img decoding=\"async\" src=\"https:\/\/gk-korcula.hr\/nova\/wp-content\/uploads\/2024\/07\/moj_profil-1-250x300.jpg\" width=\"250\" height=\"300\" alt=\"\" class=\"wp-image-398 alignnone size-medium\" \/><\/span><\/p>\n<p>U padaju\u0107em izborniku Moj profil mo\u017eete pregledati uplate i platiti bankovnim karticama, a\u017eurirati osobne podatke, pristupiti svojoj digitalnoj iskaznici i postavkama profila.<\/p>\n<p><strong>1. Uplate<\/strong><\/p>\n<p>U Uplatama mo\u017eete pregledati sve dosada\u0161nje uplate i izvr\u0161iti pla\u0107anje za nepodmirene stavke (\u010dlanarina, zakasnina\u2026) koriste\u0107i se bankovnim karticama.<\/p>\n<p>Knji\u017enice grada Zagreba za\u00a0<em>online<\/em>\u00a0pla\u0107anja koriste se sustavom WSPay. Pla\u0107anje privatnim karticama mogu\u0107e je jednokratno (Visa, Maestro, Mastercard). Na stranici sustava WSPay potrebno je unijeti tra\u017eene podatke, a nakon uspje\u0161no provedene transakcije, WSPay e-po\u0161tom \u0161alje potvrdu o autorizaciji kartice za navedeni iznos.<\/p>\n<p><strong>2. Podaci o \u010dlanu<\/strong><\/p>\n<p>U Podacima o \u010dlanu mo\u017eete a\u017eurirati osobne podatke, pri \u010demu odgovarate za to\u010dnost i potpunost a\u017euriranih podataka. U Podacima o \u010dlanu vidljiva je i mogu\u0107nost produ\u017eenja \u010dlanstva nakon isteka.<\/p>\n<p><strong>3. Iskaznica<\/strong><\/p>\n<p>\u010clanska je iskaznica neprenosiv identifikacijski dokument \u010dlana Knji\u017enice. \u010clan mo\u017ee djelatniku u knji\u017enici predo\u010diti i digitalnu iskaznicu kako bi ostvario usluge Knji\u017enice.<\/p>\n<p><strong>4. Postavke<\/strong><\/p>\n<p>U Postavkama je omogu\u0107ena promjena zaporke te brisanje profila.<\/p>\n<p><strong>Pozor!<\/strong><br \/>Brisanje profila onemogu\u0107ava kori\u0161tenje aplikacijom, dok \u010dlanstvo u Knji\u017enici i dalje ostaje va\u017ee\u0107e.<\/p>\n<p>[\/et_pb_accordion_item][et_pb_accordion_item title=&#8221;6. Povezivanje \u010dlanstva&#8221; open_toggle_text_color=&#8221;#1f3fa8&#8243; closed_toggle_text_color=&#8221;#FFFFFF&#8221; closed_toggle_background_color=&#8221;#1f3fa8&#8243; _builder_version=&#8221;4.26.0&#8243; _module_preset=&#8221;default&#8221; global_colors_info=&#8221;{}&#8221; toggle_font=&#8221;|700|||||||&#8221; toggle_font_size=&#8221;20px&#8221; closed_toggle_font=&#8221;|700|||||||&#8221; closed_toggle_font_size=&#8221;20px&#8221; open=&#8221;off&#8221;]<\/p>\n<p>Ako ve\u0107 imate \u010dlanstvo u knji\u017enici, ali ste se registrirali adresom e-po\u0161te koja nije vezana za \u010dlanski broj, prilikom prve prijave u aplikaciju odaberite\u00a0Povezivanje \u010dlanstva.<br \/>Povezivanje se vr\u0161i unosom broja iskaznice i PIN-a, koji mo\u017eete osobno zatra\u017eiti u Gradskoj knji\u017enici\u00a0<em>Ivan Vidali<\/em>.<\/p>\n<p><strong>Pozor!<\/strong><br \/>Na jedan profil odrasli \u010dlan mo\u017ee povezati i \u010dlanske brojeve djece. Na jedan profil ne mogu biti povezani \u010dlanski brojevi vi\u0161e odraslih osoba.<\/p>\n<p>[\/et_pb_accordion_item][et_pb_accordion_item title=&#8221;7. Upis u knji\u017enicu&#8221; open_toggle_text_color=&#8221;#1f3fa8&#8243; closed_toggle_text_color=&#8221;#FFFFFF&#8221; closed_toggle_background_color=&#8221;#1f3fa8&#8243; _builder_version=&#8221;4.26.0&#8243; _module_preset=&#8221;default&#8221; global_colors_info=&#8221;{}&#8221; toggle_font=&#8221;|700|||||||&#8221; toggle_font_size=&#8221;20px&#8221; closed_toggle_font=&#8221;|700|||||||&#8221; closed_toggle_font_size=&#8221;20px&#8221; open=&#8221;off&#8221;]<\/p>\n<p>Ako tek \u017eelite postati \u010dlanom Knji\u017enice, prilikom prve prijave u aplikaciju odaberite Upis. Otvara se pristupnica koju je potrebno pa\u017eljivo ispuniti. Molimo vas da pro\u010ditate sve uvjete \u010dlanstva i poruke koje je potrebno prihvatiti za u\u010dlanjenje te da prou\u010dite Pravila Gradske knji\u017enice<span>\u00a0<\/span><em>Ivan Vidali<\/em>.<\/p>\n<p><strong>Pozor!<\/strong><br \/>Tro\u0161kove \u010dlanarine potrebno je podmiriti u roku od 24 sata, ina\u010de \u0107e upis biti poni\u0161ten.<\/p>\n<p>[\/et_pb_accordion_item][\/et_pb_accordion][\/et_pb_column][\/et_pb_row][\/et_pb_section][et_pb_section fb_built=&#8221;1&#8243; admin_label=&#8221;Footer&#8221; _builder_version=&#8221;4.25.1&#8243; _module_preset=&#8221;default&#8221; background_color=&#8221;#6b6b6b&#8221; custom_margin=&#8221;||||false|false&#8221; global_module=&#8221;829&#8243; saved_tabs=&#8221;all&#8221; locked=&#8221;off&#8221; global_colors_info=&#8221;{}&#8221;][et_pb_row column_structure=&#8221;1_4,1_4,1_4,1_4&#8243; use_custom_gutter=&#8221;on&#8221; gutter_width=&#8221;1&#8243; make_equal=&#8221;on&#8221; _builder_version=&#8221;4.16&#8243; _module_preset=&#8221;default&#8221; max_width=&#8221;1440px&#8221; custom_margin=&#8221;-90px||||false|false&#8221; custom_padding=&#8221;0px||||false|false&#8221; global_colors_info=&#8221;{}&#8221;][et_pb_column type=&#8221;1_4&#8243; _builder_version=&#8221;4.16&#8243; _module_preset=&#8221;default&#8221; background_color=&#8221;#F5C966&#8243; background_image=&#8221;https:\/\/gk-korcula.hr\/nova\/wp-content\/uploads\/2024\/05\/high-school_17.png&#8221; background_size=&#8221;initial&#8221; background_position=&#8221;top_right&#8221; background_repeat=&#8221;repeat-y&#8221; custom_padding=&#8221;40px|40px|40px|20px|true|false&#8221; custom_padding_tablet=&#8221;40px||40px||true|false&#8221; custom_padding_phone=&#8221;30px|20px|30px|20px|true|true&#8221; custom_padding_last_edited=&#8221;off|desktop&#8221; global_colors_info=&#8221;{}&#8221;][et_pb_text _builder_version=&#8221;4.25.1&#8243; _module_preset=&#8221;5c989a74-8649-4b9a-a4a2-6d2b8ae2551c&#8221; header_4_font=&#8221;Roboto|700||on|||||&#8221; header_4_text_color=&#8221;rgba(255,255,255,0.5)&#8221; header_4_font_size=&#8221;12px&#8221; header_4_letter_spacing=&#8221;3px&#8221; header_4_line_height=&#8221;1.5em&#8221; custom_margin=&#8221;||0px||false|false&#8221; custom_margin_tablet=&#8221;30px||||false|false&#8221; custom_margin_phone=&#8221;20px||||false|false&#8221; custom_margin_last_edited=&#8221;off|desktop&#8221; locked=&#8221;off&#8221; global_colors_info=&#8221;{}&#8221;]<\/p>\n<h4>radno vrijeme<\/h4>\n<p>[\/et_pb_text][et_pb_text _builder_version=&#8221;4.25.1&#8243; _module_preset=&#8221;c2a3d585-c259-4e5a-8faa-710c0e634348&#8243; text_font=&#8221;Roboto|500|||||||&#8221; text_text_color=&#8221;#FFFFFF&#8221; text_font_size=&#8221;16px&#8221; text_line_height=&#8221;1.6em&#8221; header_5_text_color=&#8221;#FFFFFF&#8221; header_5_line_height=&#8221;1.8em&#8221; text_font_size_tablet=&#8221;15px&#8221; text_font_size_phone=&#8221;14px&#8221; text_font_size_last_edited=&#8221;on|desktop&#8221; header_font_size_tablet=&#8221;55px&#8221; header_font_size_last_edited=&#8221;off|desktop&#8221; locked=&#8221;off&#8221; global_colors_info=&#8221;{}&#8221;]Pon, uto, \u010det, pet: 8.00 \u2013 19.00<br \/>\nSrijeda: 8.00 \u2013 14.00<br \/>\nSubota: 8.00 \u2013 13.00[\/et_pb_text][\/et_pb_column][et_pb_column type=&#8221;1_4&#8243; _builder_version=&#8221;4.16&#8243; _module_preset=&#8221;default&#8221; background_color=&#8221;#F7827E&#8221; background_image=&#8221;https:\/\/gk-korcula.hr\/nova\/wp-content\/uploads\/2024\/05\/high-school_17.png&#8221; background_size=&#8221;initial&#8221; background_position=&#8221;top_right&#8221; background_repeat=&#8221;repeat-y&#8221; custom_padding=&#8221;40px|40px|40px|20px|true|false&#8221; global_colors_info=&#8221;{}&#8221;][et_pb_text _builder_version=&#8221;4.25.1&#8243; _module_preset=&#8221;5c989a74-8649-4b9a-a4a2-6d2b8ae2551c&#8221; header_4_font=&#8221;Roboto|700||on|||||&#8221; header_4_text_color=&#8221;rgba(255,255,255,0.5)&#8221; header_4_font_size=&#8221;12px&#8221; header_4_letter_spacing=&#8221;3px&#8221; header_4_line_height=&#8221;1.5em&#8221; custom_margin=&#8221;||0px||false|false&#8221; locked=&#8221;off&#8221; global_colors_info=&#8221;{}&#8221;]<\/p>\n<h4>Adresa<\/h4>\n<p>[\/et_pb_text][et_pb_text _builder_version=&#8221;4.25.1&#8243; _module_preset=&#8221;c2a3d585-c259-4e5a-8faa-710c0e634348&#8243; text_font=&#8221;Roboto|500|||||||&#8221; text_text_color=&#8221;#FFFFFF&#8221; text_font_size=&#8221;16px&#8221; text_line_height=&#8221;1.6em&#8221; header_5_text_color=&#8221;#FFFFFF&#8221; header_5_line_height=&#8221;1.8em&#8221; text_font_size_tablet=&#8221;15px&#8221; text_font_size_phone=&#8221;14px&#8221; text_font_size_last_edited=&#8221;on|desktop&#8221; header_font_size_tablet=&#8221;55px&#8221; header_font_size_last_edited=&#8221;off|desktop&#8221; locked=&#8221;off&#8221; global_colors_info=&#8221;{}&#8221;]<\/p>\n<p>Hrvatske bratske zajednice 15<br \/>20260 Kor\u010dula<\/p>\n<p>[\/et_pb_text][\/et_pb_column][et_pb_column type=&#8221;1_4&#8243; _builder_version=&#8221;4.16&#8243; _module_preset=&#8221;default&#8221; background_color=&#8221;#1F3FA8&#8243; background_image=&#8221;https:\/\/gk-korcula.hr\/nova\/wp-content\/uploads\/2024\/05\/high-school_17.png&#8221; background_size=&#8221;initial&#8221; background_position=&#8221;top_right&#8221; background_repeat=&#8221;repeat-y&#8221; custom_padding=&#8221;40px|40px|40px|20px|true|false&#8221; global_colors_info=&#8221;{}&#8221;][et_pb_text _builder_version=&#8221;4.25.1&#8243; _module_preset=&#8221;5c989a74-8649-4b9a-a4a2-6d2b8ae2551c&#8221; header_4_font=&#8221;Roboto|700||on|||||&#8221; header_4_text_color=&#8221;rgba(255,255,255,0.5)&#8221; header_4_font_size=&#8221;12px&#8221; header_4_letter_spacing=&#8221;3px&#8221; header_4_line_height=&#8221;1.5em&#8221; custom_margin=&#8221;||0px||false|false&#8221; locked=&#8221;off&#8221; global_colors_info=&#8221;{}&#8221;]<\/p>\n<h4>Kontakti<\/h4>\n<p>[\/et_pb_text][et_pb_text _builder_version=&#8221;4.25.1&#8243; _module_preset=&#8221;c2a3d585-c259-4e5a-8faa-710c0e634348&#8243; text_font=&#8221;Roboto|500|||||||&#8221; text_text_color=&#8221;#FFFFFF&#8221; text_font_size=&#8221;16px&#8221; text_line_height=&#8221;1.6em&#8221; link_text_color=&#8221;#FFFFFF&#8221; header_5_text_color=&#8221;#FFFFFF&#8221; header_5_line_height=&#8221;1.8em&#8221; text_font_size_tablet=&#8221;15px&#8221; text_font_size_phone=&#8221;14px&#8221; text_font_size_last_edited=&#8221;on|desktop&#8221; header_font_size_tablet=&#8221;55px&#8221; header_font_size_last_edited=&#8221;off|desktop&#8221; locked=&#8221;off&#8221; global_colors_info=&#8221;{}&#8221;]<\/p>\n<p>020 711 974<br \/><a href=\"mailto:info@gk-korcula.hr\">info@gk-korcula.hr<\/a><\/p>\n<p>[\/et_pb_text][\/et_pb_column][et_pb_column type=&#8221;1_4&#8243; _builder_version=&#8221;4.16&#8243; _module_preset=&#8221;default&#8221; background_color=&#8221;#62acac&#8221; background_image=&#8221;https:\/\/gk-korcula.hr\/nova\/wp-content\/uploads\/2024\/05\/high-school_17.png&#8221; background_size=&#8221;initial&#8221; background_position=&#8221;top_right&#8221; background_repeat=&#8221;repeat-y&#8221; custom_padding=&#8221;40px|40px|40px|20px|true|false&#8221; global_colors_info=&#8221;{}&#8221;][et_pb_text _builder_version=&#8221;4.25.1&#8243; _module_preset=&#8221;5c989a74-8649-4b9a-a4a2-6d2b8ae2551c&#8221; header_4_font=&#8221;Roboto|700||on|||||&#8221; header_4_text_color=&#8221;rgba(255,255,255,0.5)&#8221; header_4_font_size=&#8221;12px&#8221; header_4_letter_spacing=&#8221;3px&#8221; header_4_line_height=&#8221;1.5em&#8221; custom_margin=&#8221;||0px||false|false&#8221; custom_margin_last_edited=&#8221;off|desktop&#8221; locked=&#8221;off&#8221; global_colors_info=&#8221;{}&#8221;]<\/p>\n<h4>dru\u0161tvene mre\u017ee<\/h4>\n<p>[\/et_pb_text][et_pb_social_media_follow _builder_version=&#8221;4.26.0&#8243; _module_preset=&#8221;default&#8221; global_colors_info=&#8221;{}&#8221;][et_pb_social_media_follow_network social_network=&#8221;facebook&#8221; url=&#8221;https:\/\/www.facebook.com\/GKKorcula&#8221; _builder_version=&#8221;4.26.0&#8243; _module_preset=&#8221;default&#8221; background_color=&#8221;#3b5998&#8243; global_colors_info=&#8221;{}&#8221; follow_button=&#8221;off&#8221; url_new_window=&#8221;on&#8221;]facebook[\/et_pb_social_media_follow_network][et_pb_social_media_follow_network social_network=&#8221;instagram&#8221; url=&#8221;https:\/\/www.instagram.com\/gkkorcula\/&#8221; _builder_version=&#8221;4.26.0&#8243; _module_preset=&#8221;default&#8221; background_color=&#8221;#ea2c59&#8243; global_colors_info=&#8221;{}&#8221; follow_button=&#8221;off&#8221; url_new_window=&#8221;on&#8221;]instagram[\/et_pb_social_media_follow_network][\/et_pb_social_media_follow][\/et_pb_column][\/et_pb_row][et_pb_row column_structure=&#8221;1_4,1_4,1_4,1_4&#8243; _builder_version=&#8221;4.16&#8243; _module_preset=&#8221;default&#8221; global_colors_info=&#8221;{}&#8221;][et_pb_column type=&#8221;1_4&#8243; _builder_version=&#8221;4.16&#8243; _module_preset=&#8221;default&#8221; global_colors_info=&#8221;{}&#8221;][et_pb_image src=&#8221;https:\/\/gk-korcula.hr\/nova\/wp-content\/uploads\/2024\/05\/Knjiznica-Korcula-logo_bijeli-300&#215;224.webp&#8221; title_text=&#8221;Knjiznica-Korcula-logo_bijeli&#8221; _builder_version=&#8221;4.25.1&#8243; _module_preset=&#8221;default&#8221; max_width=&#8221;150px&#8221; global_colors_info=&#8221;{}&#8221;][\/et_pb_image][\/et_pb_column][et_pb_column type=&#8221;1_4&#8243; _builder_version=&#8221;4.16&#8243; _module_preset=&#8221;default&#8221; global_colors_info=&#8221;{}&#8221;][et_pb_text _builder_version=&#8221;4.26.0&#8243; _module_preset=&#8221;5c989a74-8649-4b9a-a4a2-6d2b8ae2551c&#8221; header_4_font=&#8221;Roboto|700||on|||||&#8221; header_4_text_color=&#8221;#FFFFFF&#8221; header_4_font_size=&#8221;12px&#8221; header_4_letter_spacing=&#8221;3px&#8221; header_4_line_height=&#8221;1.5em&#8221; header_5_text_color=&#8221;#FFFFFF&#8221; custom_margin=&#8221;||0px||false|false&#8221; locked=&#8221;off&#8221; global_colors_info=&#8221;{}&#8221;]<\/p>\n<h4>PROJEKTI<\/h4>\n<p>[\/et_pb_text][et_pb_text _builder_version=&#8221;4.27.0&#8243; _module_preset=&#8221;7262e956-c376-4aa6-9642-c413f71527d0&#8243; text_line_height=&#8221;1.8em&#8221; link_text_color=&#8221;#FFFFFF&#8221; link_line_height=&#8221;1.2em&#8221; header_font_size_tablet=&#8221;55px&#8221; header_font_size_last_edited=&#8221;off|desktop&#8221; locked=&#8221;off&#8221; global_colors_info=&#8221;{}&#8221;]<\/p>\n<p><a href=\"https:\/\/virtualnakorcula.com\/\" target=\"_blank\" rel=\"noopener\"><span style=\"color: #ffffff;\">Virko<\/span><\/a><br \/><a href=\"https:\/\/gk-korcula.hr\/nova\/izdavastvo\/\"><span style=\"color: #ffffff;\">Izdava\u0161tvo<\/span><\/a><br \/><a href=\"https:\/\/gk-korcula.hr\/nova\/medunarodna-suradnja\/\"><span style=\"color: #ffffff;\">Me\u0111unarodna suradnja<\/span><\/a><\/p>\n<p>[\/et_pb_text][\/et_pb_column][et_pb_column type=&#8221;1_4&#8243; _builder_version=&#8221;4.16&#8243; _module_preset=&#8221;default&#8221; global_colors_info=&#8221;{}&#8221;][et_pb_text _builder_version=&#8221;4.25.1&#8243; _module_preset=&#8221;5c989a74-8649-4b9a-a4a2-6d2b8ae2551c&#8221; header_4_font=&#8221;Roboto|700||on|||||&#8221; header_4_text_color=&#8221;#FFFFFF&#8221; header_4_font_size=&#8221;12px&#8221; header_4_letter_spacing=&#8221;3px&#8221; header_4_line_height=&#8221;1.5em&#8221; header_5_text_color=&#8221;#FFFFFF&#8221; custom_margin=&#8221;||0px||false|false&#8221; locked=&#8221;off&#8221; global_colors_info=&#8221;{}&#8221;]<\/p>\n<h4>o nama<\/h4>\n<p>[\/et_pb_text][et_pb_text _builder_version=&#8221;4.27.0&#8243; _module_preset=&#8221;7262e956-c376-4aa6-9642-c413f71527d0&#8243; text_line_height=&#8221;1.8em&#8221; link_text_color=&#8221;#FFFFFF&#8221; link_line_height=&#8221;1.2em&#8221; header_font_size_tablet=&#8221;55px&#8221; header_font_size_last_edited=&#8221;off|desktop&#8221; locked=&#8221;off&#8221; global_colors_info=&#8221;{}&#8221;]<a href=\"https:\/\/gk-korcula.hr\/nova\/misija-vizija-i-strategija\/\">Misija, vizija, strategija<\/a><br \/>\n<a href=\"https:\/\/gk-korcula.hr\/nova\/sluzbene-informacije\/\">Slu\u017ebene informacije<\/a><br \/>\n<a href=\"https:\/\/gk-korcula.hr\/nova\/galerija\/\">Galerija<\/a><br \/>\n<a href=\"https:\/\/gk-korcula.hr\/nova\/obavijest-o-privatnosti\/\">Obavijest o privatnosti<\/a><br \/>\n<a href=\"https:\/\/gk-korcula.hr\/nova\/upotreba-kolacica\/\">Upotreba kola\u010di\u0107a<\/a>[\/et_pb_text][\/et_pb_column][et_pb_column type=&#8221;1_4&#8243; _builder_version=&#8221;4.16&#8243; _module_preset=&#8221;default&#8221; global_colors_info=&#8221;{}&#8221;][et_pb_text _builder_version=&#8221;4.16&#8243; _module_preset=&#8221;5c989a74-8649-4b9a-a4a2-6d2b8ae2551c&#8221; header_4_font=&#8221;Roboto|700||on|||||&#8221; header_4_text_color=&#8221;#FFFFFF&#8221; header_4_font_size=&#8221;12px&#8221; header_4_letter_spacing=&#8221;3px&#8221; header_4_line_height=&#8221;1.5em&#8221; header_5_text_color=&#8221;#FFFFFF&#8221; custom_margin=&#8221;||0px||false|false&#8221; locked=&#8221;off&#8221; global_colors_info=&#8221;{}&#8221;]<\/p>\n<h4>Newsletter<\/h4>\n<p>[\/et_pb_text][et_pb_signup mailchimp_list=&#8221;elegantthemestest|1ea2bbd026&#8243; first_name_field=&#8221;off&#8221; last_name_field=&#8221;off&#8221; success_message=&#8221;Uspje\u0161no ste se prijavili na na\u0161 newsletter!&#8221; button_text=&#8221;Upi\u0161i se&#8221; _builder_version=&#8221;4.25.1&#8243; _module_preset=&#8221;62f86cc2-2dcd-46be-8505-6a15d0adfc8e&#8221; form_field_background_color=&#8221;#FFFFFF&#8221; form_field_text_color=&#8221;#6b6b6b&#8221; form_field_custom_padding=&#8221;8px||8px||true|false&#8221; form_field_font=&#8221;|700|||||||&#8221; form_field_font_size=&#8221;12px&#8221; form_field_line_height=&#8221;1.8em&#8221; use_background_color=&#8221;off&#8221; custom_button=&#8221;on&#8221; button_text_size=&#8221;12px&#8221; button_text_color=&#8221;#FFFFFF&#8221; button_bg_color=&#8221;#F7827E&#8221; button_border_width=&#8221;0px&#8221; button_border_radius=&#8221;0px&#8221; button_font=&#8221;|700|||||||&#8221; button_custom_padding=&#8221;8px|10px|8px|10px|true|true&#8221; border_radii_fields=&#8221;on|0px|0px|0px|0px&#8221; locked=&#8221;off&#8221; global_colors_info=&#8221;{}&#8221;][\/et_pb_signup][\/et_pb_column][\/et_pb_row][\/et_pb_section]<\/p>\n","protected":false},"excerpt":{"rendered":"<p>Upute za aplikaciju eZakiAplikaciju mo\u017eete preuzeti putem linka:\u00a0https:\/\/shorturl.at\/djGPX ili putem QR koda Prilikom pokretanja aplikacije otvara se ekran za registraciju\/prijavu. Prilikom prvog kori\u0161tenja aplikacije, registrirajte se pomo\u0107u adrese e-po\u0161te i [&hellip;]<\/p>\n","protected":false},"author":1,"featured_media":0,"parent":0,"menu_order":0,"comment_status":"closed","ping_status":"closed","template":"","meta":{"_et_pb_use_builder":"on","_et_pb_old_content":"","_et_gb_content_width":"","footnotes":""},"class_list":["post-385","page","type-page","status-publish","hentry"],"_links":{"self":[{"href":"https:\/\/gk-korcula.hr\/nova\/wp-json\/wp\/v2\/pages\/385","targetHints":{"allow":["GET"]}}],"collection":[{"href":"https:\/\/gk-korcula.hr\/nova\/wp-json\/wp\/v2\/pages"}],"about":[{"href":"https:\/\/gk-korcula.hr\/nova\/wp-json\/wp\/v2\/types\/page"}],"author":[{"embeddable":true,"href":"https:\/\/gk-korcula.hr\/nova\/wp-json\/wp\/v2\/users\/1"}],"replies":[{"embeddable":true,"href":"https:\/\/gk-korcula.hr\/nova\/wp-json\/wp\/v2\/comments?post=385"}],"version-history":[{"count":18,"href":"https:\/\/gk-korcula.hr\/nova\/wp-json\/wp\/v2\/pages\/385\/revisions"}],"predecessor-version":[{"id":1014,"href":"https:\/\/gk-korcula.hr\/nova\/wp-json\/wp\/v2\/pages\/385\/revisions\/1014"}],"wp:attachment":[{"href":"https:\/\/gk-korcula.hr\/nova\/wp-json\/wp\/v2\/media?parent=385"}],"curies":[{"name":"wp","href":"https:\/\/api.w.org\/{rel}","templated":true}]}}