{"id":890,"date":"2024-07-18T14:37:16","date_gmt":"2024-07-18T12:37:16","guid":{"rendered":"https:\/\/gk-korcula.hr\/nova\/?page_id=890"},"modified":"2024-07-18T14:42:44","modified_gmt":"2024-07-18T12:42:44","slug":"medunarodna-suradnja","status":"publish","type":"page","link":"https:\/\/gk-korcula.hr\/nova\/medunarodna-suradnja\/","title":{"rendered":"Me\u0111unarodna suradnja"},"content":{"rendered":"<p>[et_pb_section fb_built=&#8221;1&#8243; admin_label=&#8221;Header&#8221; _builder_version=&#8221;4.16&#8243; _module_preset=&#8221;default&#8221; global_colors_info=&#8221;{}&#8221;][et_pb_row _builder_version=&#8221;4.16&#8243; _module_preset=&#8221;default&#8221; custom_padding=&#8221;||0px|||&#8221; global_colors_info=&#8221;{}&#8221;][et_pb_column type=&#8221;4_4&#8243; _builder_version=&#8221;4.16&#8243; _module_preset=&#8221;default&#8221; global_colors_info=&#8221;{}&#8221;][et_pb_text _builder_version=&#8221;4.27.0&#8243; _module_preset=&#8221;e598b17a-9229-42f6-b238-019d6094332e&#8221; header_font=&#8221;Roboto|500|||||||&#8221; header_text_color=&#8221;#000000&#8243; header_font_size=&#8221;80px&#8221; header_line_height=&#8221;1.15em&#8221; hover_enabled=&#8221;0&#8243; header_font_size_tablet=&#8221;40px&#8221; header_font_size_phone=&#8221;24px&#8221; header_font_size_last_edited=&#8221;on|desktop&#8221; locked=&#8221;off&#8221; global_colors_info=&#8221;{}&#8221; sticky_enabled=&#8221;0&#8243;]<\/p>\n<h1>Me\u0111unarodna suradnja<\/h1>\n<p>[\/et_pb_text][\/et_pb_column][\/et_pb_row][\/et_pb_section][et_pb_section fb_built=&#8221;1&#8243; admin_label=&#8221;Team&#8221; _builder_version=&#8221;4.16&#8243; _module_preset=&#8221;default&#8221; custom_padding=&#8221;0px|||||&#8221; global_colors_info=&#8221;{}&#8221;][et_pb_row _builder_version=&#8221;4.16&#8243; _module_preset=&#8221;default&#8221; global_colors_info=&#8221;{}&#8221;][et_pb_column type=&#8221;4_4&#8243; _builder_version=&#8221;4.16&#8243; _module_preset=&#8221;default&#8221; global_colors_info=&#8221;{}&#8221;][et_pb_accordion _builder_version=&#8221;4.27.0&#8243; _module_preset=&#8221;default&#8221; hover_enabled=&#8221;0&#8243; global_colors_info=&#8221;{}&#8221; sticky_enabled=&#8221;0&#8243;][et_pb_accordion_item title=&#8221;Projekt Library. I Love It! (2013. \u2013 2015.)&#8221; open=&#8221;on&#8221; open_toggle_text_color=&#8221;#1f3fa8&#8243; closed_toggle_text_color=&#8221;#FFFFFF&#8221; closed_toggle_background_color=&#8221;#1f3fa8&#8243; _builder_version=&#8221;4.27.0&#8243; _module_preset=&#8221;default&#8221; hover_enabled=&#8221;0&#8243; global_colors_info=&#8221;{}&#8221; toggle_font=&#8221;|700|||||||&#8221; toggle_font_size=&#8221;20px&#8221; closed_toggle_font=&#8221;|700|||||||&#8221; closed_toggle_font_size=&#8221;20px&#8221; sticky_enabled=&#8221;0&#8243;]<\/p>\n<p><img decoding=\"async\" src=\"https:\/\/gk-korcula.hr\/nova\/wp-content\/uploads\/2024\/07\/library-i-love-it_logo1-195x300.jpg\" width=\"121\" height=\"186\" alt=\"\" class=\"wp-image-894 alignnone size-medium\" srcset=\"https:\/\/gk-korcula.hr\/nova\/wp-content\/uploads\/2024\/07\/library-i-love-it_logo1-195x300.jpg 195w, https:\/\/gk-korcula.hr\/nova\/wp-content\/uploads\/2024\/07\/library-i-love-it_logo1.jpg 357w\" sizes=\"(max-width: 121px) 100vw, 121px\" \/><\/p>\n<p>Realizacija EU projekta<em><span>\u00a0<\/span>Library. I love it!<\/em><span>\u00a0<\/span>trajala je od kolovoza 2013. do srpnja 2015. godine kroz financiranje najmanje dvanaest planiranih mobilnosti. Cilj projekta bio je podsjetiti na funkciju suvremene knji\u017enice kao centra za cjelo\u017eivotno u\u010denje koji posredovanjem kulturnih vrijednosti doprinosi dru\u0161tvenom i profesionalnom razvoju kako knji\u017enice tako i njezina osoblja.<\/p>\n<p>U sklopu projekta predvi\u0111ene su posjete i sastanci u svakoj od knji\u017enica partnera \u0161to doprinosi kulturnoj i turisti\u010dkoj promid\u017ebi pojedinih dijelova europskih zemalja. Svaki se susret sastoji od tri tematska dijela:<\/p>\n<p><strong>BOAST!<\/strong><span>\u00a0<\/span>\u2013 Pohvali se! \u2013 predstavljanje aktivnosti partnera-doma\u0107ina u podru\u010dju cjelo\u017eivotnog u\u010denja<br \/><strong>LEARN!<\/strong><span>\u00a0<\/span>\u2013 Saznaj! \u2013radionice, seminari i prezentacije<br \/><strong>SEE!<\/strong><span>\u00a0<\/span>\u2013 Vidi! \u2013 posjeta atraktivnih lokacija i znamenitosti u mjestu partnera-doma\u0107ina<\/p>\n<p>Tijekom aktivnosti vezanih uz projekt sudionici su razvijali interkulturalni dijalog, te jedni druge upoznali s kulturolo\u0161kim vrijednostima pojedinih zemalja. U sklopu projekta planirano je objaviti me\u0111unarodni vodi\u010d pod nazivom Inspirator modernih knji\u017eni\u010dara namijenjen knji\u017eni\u010darima za kreativnije poslovanje. Ta znanja, nove metode i alati, kao i upoznavanje razli\u010ditosti europskih kultura postat \u0107e temelj za na\u0161u daljnju suradnju na me\u0111unarodnoj sceni i doprinijeti \u0107e ja\u010danju uloge knji\u017enica.<\/p>\n<p><strong>Partneri u EU projektu:<\/strong><br \/>1.\u00a0<a href=\"http:\/\/www.biblioteka.piekary.pl\/\" role=\"link\">The Municipal Public Library in Piekary Slaskie \u2013 Poljska<\/a>, koordinator projekta<br \/>2.\u00a0<a href=\"http:\/\/www.buecherei.dornbirn.at\/\" role=\"link\">The City Library Dornbirn \u2013 Austrija\u00a0<\/a><br \/>3.\u00a0<a href=\"http:\/\/www.gk-korcula.hr\/\" role=\"link\">Kor\u010dula City Library Ivan Vidali \u2013 Hrvatska<\/a><br \/>4.\u00a0<a href=\"http:\/\/www.iisalmi.fi\/kirjasto\" role=\"link\">The City Library of Iisalmi \u2013 Finska<\/a><br \/>5.\u00a0<a href=\"http:\/\/biblioteca-provinciale.provincia.roma.it\/\" role=\"link\">The Province of Rome Department of cultural services \u2013 Italija<\/a><br \/>6.\u00a0<a href=\"http:\/\/bibliotecadearucas.blogspot.com\/\" role=\"link\">The Municipal Public Library in Arucas \u2013 \u0160panjolska<\/a><br \/>7.\u00a0<a href=\"http:\/\/www.kmol.cz\/\" role=\"link\">The Library of the City Olomouc \u2013 \u010ce\u0161ka\u00a0<\/a><br \/>8.\u00a0<a href=\"http:\/\/www.aydinturizm.gov.tr\/\" role=\"link\">Ayd\u0131n Public Library \u2013 Turska\u00a0<\/a><\/p>\n<p>Gradska knji\u017enica Ivan Vidali realizirala je ukupno 14 mobilnosti (jedna osoba na jedno putovanje) od 12 propisanih projektom i Ugovorom o realizaciji projekta s Agencijom za mobilnost i projekte EU. Unato\u010d razli\u010ditostima u kulturi, jeziku, vjeri i obi\u010dajima, partneri u projektu zaklju\u010dili su da se u svakodnevnom radu u knji\u017enicama susre\u0107u s istovjetnim problemima, a najve\u0107a pa\u017enja posve\u0107uje se na\u010dinima i oblicima osmi\u0161ljavanja knji\u017eni\u010dnih usluga koje \u0107e privu\u0107i korisnike i osigurati knji\u017enici nezaobilazno mjesto u kulturnom, obrazovnom i informativnom \u017eivotu lokalne zajednice.<\/p>\n<p>[\/et_pb_accordion_item][et_pb_accordion_item title=&#8221;Projekt Migrate to Library! (2017.-2019.)&#8221; open_toggle_text_color=&#8221;#1f3fa8&#8243; closed_toggle_text_color=&#8221;#FFFFFF&#8221; closed_toggle_background_color=&#8221;#1f3fa8&#8243; _builder_version=&#8221;4.27.0&#8243; _module_preset=&#8221;default&#8221; hover_enabled=&#8221;0&#8243; global_colors_info=&#8221;{}&#8221; toggle_font=&#8221;|700|||||||&#8221; toggle_font_size=&#8221;20px&#8221; closed_toggle_font=&#8221;|700|||||||&#8221; closed_toggle_font_size=&#8221;20px&#8221; open=&#8221;off&#8221; sticky_enabled=&#8221;0&#8243;]<\/p>\n<p>&nbsp;<\/p>\n<p><img decoding=\"async\" src=\"https:\/\/gk-korcula.hr\/nova\/wp-content\/uploads\/2024\/07\/MIGRATE-TO-LIBRARY-300x300.jpg\" width=\"206\" height=\"206\" alt=\"\" class=\"wp-image-895 alignnone size-medium\" \/><\/p>\n<p>U dana\u0161njem svijetu suo\u010deni smo s brojnim izazovima, jedan od kojih je suvremena migracijska kriza u Europi. Me\u0111u gomilom ljudi koja navire na na\u0161 kontinent nalaze se razli\u010dite vrste migranta i izbjeglica. Napu\u0161taju vlastite zemlje zbog opasnosti od progona, zbog rase, nacionalnosti, etni\u010dke i religijske pripadnosti, politi\u010dkih uvjerenja, ekonomskih ili nekih drugih osobnih razloga. Tim je skupinama ljudi potrebna na\u0161a pozornost i \u010desto na\u0161a pomo\u0107. Me\u0111utim, lokalne zajednice kao kulturno homogene, te okamenjene dugotrajnim susjedskim odnosima, jako te\u0161ko prihva\u0107aju nove \u010dlanove. Doseljenike se \u010desto tretira kao opasne uljeze. Kako bi se izbjegao porast ksenofobije koja vodi ravnodu\u0161nom su\u017eivotu, a ponekad i izolaciji novih \u010dlanova dru\u0161tva \u2013 va\u017eno je obrazovati obje strane. Postupno integriranje imigranata u lokalne zajednice i uspostavljanje dobrih odnosa, rezultirat \u0107e osje\u0107ajem dru\u0161tvene sigurnosti. Po prirodi svoje djelatnosti, knji\u017enice imaju va\u017enu ulogu u procesu integracije. Kao javne ustanove, aktivan su sudionik u \u017eivotu lokalnih zajednica. U dru\u0161tvenoj svijesti one su tradicijska, kulturna i obrazovna sredi\u0161ta. Knji\u017eni\u010dari su u stalnom kontaktu s \u010dlanovima lokalnih zajednica, pri tome razvijaju\u0107i odnose me\u0111usobnog povjerenja i razumijevanja. U mogu\u0107nosti su zainteresirati javnost za razne inicijative. Projekt Migrirajmo u knji\u017enicu!, osmi\u0161ljen je i provodit \u0107e se uva\u017eavaju\u0107i \u010dinjenicu da su knji\u017enice ustanove koje u\u017eivaju povjerenje javnosti. Namjera je pretvoriti knji\u017enice u aktivacijske centre za kulturu i obrazovanje svih ljudi, bez obzira na dob, religijsku pripadnost, nacionalnost, dru\u0161tveni status ili status invalidnosti. Pozitivan pristup multikulturalizmu omogu\u0107it \u0107e eliminaciju negativnih dru\u0161tvenih elemenata kao \u0161to su ksenofobija, rasizam i diskriminacija. Projektom su planirana 4 me\u0111unarodna susreta i 2 te\u010daja u Poljskoj (prvi dio) i Hrvatskoj (drugi dio) u organizaciji Centara za mirovne studije (Var\u0161ava i Zagreb), pod nazivom \u201eStav o multikulturalizmu\u201c. Cilj susreta je razmjena dobre prakse u podru\u010dju rada s migrantima u knji\u017enicama. Projektom je strogo definiran broj sudionika prilikom susreta, kao i aktivnosti koje su partneri du\u017eni poduzeti za vrijeme trajanja susreta.<\/p>\n<p>Partneri u projektu:<br \/><a href=\"http:\/\/www.mbpzory.pl\/\" role=\"link\">Poljska \u2013 Op\u0107inska knji\u017enica u gradu Zory<\/a><br \/><a href=\"https:\/\/www.facebook.com\/BibliotecaMunicipaldeArucas\/\" role=\"link\">\u0160panjolska- Op\u0107inska knji\u017enica u Arucasu (Kanarsko oto\u010dje)<\/a><br \/><a href=\"https:\/\/www.amb.lt\/lt\" role=\"link\">Litva \u2013 Knji\u017enica Adomo Mickevi\u010diaus u Vilniusu<\/a><br \/>Hrvatska \u2013 Gradska knji\u017enica Ivan Vidali u Kor\u010duli<\/p>\n<p>Glavni ciljevi programa:<br \/>\u2013 razmjena dobre prakse i stjecanje kompetencija koje \u0107e koristiti u neformalnom obrazovanju<br \/>vo\u0111enom knji\u017eni\u010darima<br \/>\u2013 dru\u0161tvena inkluzija migranata<br \/>\u2013 suzbijanje segregacije i diskriminacije<\/p>\n<p>O\u010dekivani rezultati ostvareni tijekom i nakon provedbe projekta:<br \/>\u2013 razmjena iskustava u podru\u010dju rada s migrantima<br \/>\u2013 stjecanje novih vje\u0161tina koje se mogu koristiti u svakodnevnom radu i neformalnom<br \/>obrazovanju odraslih<br \/>\u2013 pobolj\u0161anje kvalitete obrazovnih ponuda u knji\u017enicama<br \/>\u2013 aktiviranje lokalnih zajednica i njihovo upoznavanje s novim oblicima neformalnog<br \/>obrazovanja<br \/>\u2013 podizanje tolerancije i razumijevanja razli\u010ditosti \u2013 stvaranje pozitivne slike o drugim<br \/>kulturama me\u0111u sudionicima u projektu i lokalnim zajednicama<br \/>\u2013 po\u0161tivanje knji\u017eni\u010dara i knji\u017enica kao sredi\u0161ta neformalnog obrazovanja<br \/>\u2013 pove\u0107anje motivacije i zadovoljstva u svakodnevnom radu<br \/>\u2013 \u010dvrsto partnerstvo me\u0111u organizacijama i pojedincima, ja\u010danje me\u0111unarodne suradnje<br \/>\u2013 razvijanje jezi\u010dnih kompetencija projektnih sudionika<br \/>\u2013 elektroni\u010dka publikacija u kojoj \u0107e se prezentirati oblici rada s migrantima u zemljama<br \/>projektnih partnera<br \/>\u2013 kratak video zapis koji dokumentira provedbu projekta<\/p>\n<p>&nbsp;<\/p>\n<p>[\/et_pb_accordion_item][\/et_pb_accordion][\/et_pb_column][\/et_pb_row][\/et_pb_section][et_pb_section fb_built=&#8221;1&#8243; admin_label=&#8221;Footer&#8221; _builder_version=&#8221;4.25.1&#8243; _module_preset=&#8221;default&#8221; background_color=&#8221;#6b6b6b&#8221; custom_margin=&#8221;||||false|false&#8221; global_module=&#8221;829&#8243; saved_tabs=&#8221;all&#8221; locked=&#8221;off&#8221; global_colors_info=&#8221;{}&#8221;][et_pb_row column_structure=&#8221;1_4,1_4,1_4,1_4&#8243; use_custom_gutter=&#8221;on&#8221; gutter_width=&#8221;1&#8243; make_equal=&#8221;on&#8221; _builder_version=&#8221;4.16&#8243; _module_preset=&#8221;default&#8221; max_width=&#8221;1440px&#8221; custom_margin=&#8221;-90px||||false|false&#8221; custom_padding=&#8221;0px||||false|false&#8221; global_colors_info=&#8221;{}&#8221;][et_pb_column type=&#8221;1_4&#8243; _builder_version=&#8221;4.16&#8243; _module_preset=&#8221;default&#8221; background_color=&#8221;#F5C966&#8243; background_image=&#8221;https:\/\/gk-korcula.hr\/nova\/wp-content\/uploads\/2024\/05\/high-school_17.png&#8221; background_size=&#8221;initial&#8221; background_position=&#8221;top_right&#8221; background_repeat=&#8221;repeat-y&#8221; custom_padding=&#8221;40px|40px|40px|20px|true|false&#8221; custom_padding_tablet=&#8221;40px||40px||true|false&#8221; custom_padding_phone=&#8221;30px|20px|30px|20px|true|true&#8221; custom_padding_last_edited=&#8221;off|desktop&#8221; global_colors_info=&#8221;{}&#8221;][et_pb_text _builder_version=&#8221;4.25.1&#8243; _module_preset=&#8221;5c989a74-8649-4b9a-a4a2-6d2b8ae2551c&#8221; header_4_font=&#8221;Roboto|700||on|||||&#8221; header_4_text_color=&#8221;rgba(255,255,255,0.5)&#8221; header_4_font_size=&#8221;12px&#8221; header_4_letter_spacing=&#8221;3px&#8221; header_4_line_height=&#8221;1.5em&#8221; custom_margin=&#8221;||0px||false|false&#8221; custom_margin_tablet=&#8221;30px||||false|false&#8221; custom_margin_phone=&#8221;20px||||false|false&#8221; custom_margin_last_edited=&#8221;off|desktop&#8221; locked=&#8221;off&#8221; global_colors_info=&#8221;{}&#8221;]<\/p>\n<h4>radno vrijeme<\/h4>\n<p>[\/et_pb_text][et_pb_text _builder_version=&#8221;4.25.1&#8243; _module_preset=&#8221;c2a3d585-c259-4e5a-8faa-710c0e634348&#8243; text_font=&#8221;Roboto|500|||||||&#8221; text_text_color=&#8221;#FFFFFF&#8221; text_font_size=&#8221;16px&#8221; text_line_height=&#8221;1.6em&#8221; header_5_text_color=&#8221;#FFFFFF&#8221; header_5_line_height=&#8221;1.8em&#8221; text_font_size_tablet=&#8221;15px&#8221; text_font_size_phone=&#8221;14px&#8221; text_font_size_last_edited=&#8221;on|desktop&#8221; header_font_size_tablet=&#8221;55px&#8221; header_font_size_last_edited=&#8221;off|desktop&#8221; locked=&#8221;off&#8221; global_colors_info=&#8221;{}&#8221;]Pon, uto, \u010det, pet: 8.00 \u2013 19.00<br \/>\nSrijeda: 8.00 \u2013 14.00<br \/>\nSubota: 8.00 \u2013 13.00[\/et_pb_text][\/et_pb_column][et_pb_column type=&#8221;1_4&#8243; _builder_version=&#8221;4.16&#8243; _module_preset=&#8221;default&#8221; background_color=&#8221;#F7827E&#8221; background_image=&#8221;https:\/\/gk-korcula.hr\/nova\/wp-content\/uploads\/2024\/05\/high-school_17.png&#8221; background_size=&#8221;initial&#8221; background_position=&#8221;top_right&#8221; background_repeat=&#8221;repeat-y&#8221; custom_padding=&#8221;40px|40px|40px|20px|true|false&#8221; global_colors_info=&#8221;{}&#8221;][et_pb_text _builder_version=&#8221;4.25.1&#8243; _module_preset=&#8221;5c989a74-8649-4b9a-a4a2-6d2b8ae2551c&#8221; header_4_font=&#8221;Roboto|700||on|||||&#8221; header_4_text_color=&#8221;rgba(255,255,255,0.5)&#8221; header_4_font_size=&#8221;12px&#8221; header_4_letter_spacing=&#8221;3px&#8221; header_4_line_height=&#8221;1.5em&#8221; custom_margin=&#8221;||0px||false|false&#8221; locked=&#8221;off&#8221; global_colors_info=&#8221;{}&#8221;]<\/p>\n<h4>Adresa<\/h4>\n<p>[\/et_pb_text][et_pb_text _builder_version=&#8221;4.25.1&#8243; _module_preset=&#8221;c2a3d585-c259-4e5a-8faa-710c0e634348&#8243; text_font=&#8221;Roboto|500|||||||&#8221; text_text_color=&#8221;#FFFFFF&#8221; text_font_size=&#8221;16px&#8221; text_line_height=&#8221;1.6em&#8221; header_5_text_color=&#8221;#FFFFFF&#8221; header_5_line_height=&#8221;1.8em&#8221; text_font_size_tablet=&#8221;15px&#8221; text_font_size_phone=&#8221;14px&#8221; text_font_size_last_edited=&#8221;on|desktop&#8221; header_font_size_tablet=&#8221;55px&#8221; header_font_size_last_edited=&#8221;off|desktop&#8221; locked=&#8221;off&#8221; global_colors_info=&#8221;{}&#8221;]<\/p>\n<p>Hrvatske bratske zajednice 15<br \/>20260 Kor\u010dula<\/p>\n<p>[\/et_pb_text][\/et_pb_column][et_pb_column type=&#8221;1_4&#8243; _builder_version=&#8221;4.16&#8243; _module_preset=&#8221;default&#8221; background_color=&#8221;#1F3FA8&#8243; background_image=&#8221;https:\/\/gk-korcula.hr\/nova\/wp-content\/uploads\/2024\/05\/high-school_17.png&#8221; background_size=&#8221;initial&#8221; background_position=&#8221;top_right&#8221; background_repeat=&#8221;repeat-y&#8221; custom_padding=&#8221;40px|40px|40px|20px|true|false&#8221; global_colors_info=&#8221;{}&#8221;][et_pb_text _builder_version=&#8221;4.25.1&#8243; _module_preset=&#8221;5c989a74-8649-4b9a-a4a2-6d2b8ae2551c&#8221; header_4_font=&#8221;Roboto|700||on|||||&#8221; header_4_text_color=&#8221;rgba(255,255,255,0.5)&#8221; header_4_font_size=&#8221;12px&#8221; header_4_letter_spacing=&#8221;3px&#8221; header_4_line_height=&#8221;1.5em&#8221; custom_margin=&#8221;||0px||false|false&#8221; locked=&#8221;off&#8221; global_colors_info=&#8221;{}&#8221;]<\/p>\n<h4>Kontakti<\/h4>\n<p>[\/et_pb_text][et_pb_text _builder_version=&#8221;4.25.1&#8243; _module_preset=&#8221;c2a3d585-c259-4e5a-8faa-710c0e634348&#8243; text_font=&#8221;Roboto|500|||||||&#8221; text_text_color=&#8221;#FFFFFF&#8221; text_font_size=&#8221;16px&#8221; text_line_height=&#8221;1.6em&#8221; link_text_color=&#8221;#FFFFFF&#8221; header_5_text_color=&#8221;#FFFFFF&#8221; header_5_line_height=&#8221;1.8em&#8221; text_font_size_tablet=&#8221;15px&#8221; text_font_size_phone=&#8221;14px&#8221; text_font_size_last_edited=&#8221;on|desktop&#8221; header_font_size_tablet=&#8221;55px&#8221; header_font_size_last_edited=&#8221;off|desktop&#8221; locked=&#8221;off&#8221; global_colors_info=&#8221;{}&#8221;]<\/p>\n<p>020 711 974<br \/><a href=\"mailto:info@gk-korcula.hr\">info@gk-korcula.hr<\/a><\/p>\n<p>[\/et_pb_text][\/et_pb_column][et_pb_column type=&#8221;1_4&#8243; _builder_version=&#8221;4.16&#8243; _module_preset=&#8221;default&#8221; background_color=&#8221;#62acac&#8221; background_image=&#8221;https:\/\/gk-korcula.hr\/nova\/wp-content\/uploads\/2024\/05\/high-school_17.png&#8221; background_size=&#8221;initial&#8221; background_position=&#8221;top_right&#8221; background_repeat=&#8221;repeat-y&#8221; custom_padding=&#8221;40px|40px|40px|20px|true|false&#8221; global_colors_info=&#8221;{}&#8221;][et_pb_text _builder_version=&#8221;4.25.1&#8243; _module_preset=&#8221;5c989a74-8649-4b9a-a4a2-6d2b8ae2551c&#8221; header_4_font=&#8221;Roboto|700||on|||||&#8221; header_4_text_color=&#8221;rgba(255,255,255,0.5)&#8221; header_4_font_size=&#8221;12px&#8221; header_4_letter_spacing=&#8221;3px&#8221; header_4_line_height=&#8221;1.5em&#8221; custom_margin=&#8221;||0px||false|false&#8221; custom_margin_last_edited=&#8221;off|desktop&#8221; locked=&#8221;off&#8221; global_colors_info=&#8221;{}&#8221;]<\/p>\n<h4>dru\u0161tvene mre\u017ee<\/h4>\n<p>[\/et_pb_text][et_pb_social_media_follow _builder_version=&#8221;4.26.0&#8243; _module_preset=&#8221;default&#8221; global_colors_info=&#8221;{}&#8221;][et_pb_social_media_follow_network social_network=&#8221;facebook&#8221; url=&#8221;https:\/\/www.facebook.com\/GKKorcula&#8221; _builder_version=&#8221;4.26.0&#8243; _module_preset=&#8221;default&#8221; background_color=&#8221;#3b5998&#8243; global_colors_info=&#8221;{}&#8221; follow_button=&#8221;off&#8221; url_new_window=&#8221;on&#8221;]facebook[\/et_pb_social_media_follow_network][et_pb_social_media_follow_network social_network=&#8221;instagram&#8221; url=&#8221;https:\/\/www.instagram.com\/gkkorcula\/&#8221; _builder_version=&#8221;4.26.0&#8243; _module_preset=&#8221;default&#8221; background_color=&#8221;#ea2c59&#8243; global_colors_info=&#8221;{}&#8221; follow_button=&#8221;off&#8221; url_new_window=&#8221;on&#8221;]instagram[\/et_pb_social_media_follow_network][\/et_pb_social_media_follow][\/et_pb_column][\/et_pb_row][et_pb_row column_structure=&#8221;1_4,1_4,1_4,1_4&#8243; _builder_version=&#8221;4.16&#8243; _module_preset=&#8221;default&#8221; global_colors_info=&#8221;{}&#8221;][et_pb_column type=&#8221;1_4&#8243; _builder_version=&#8221;4.16&#8243; _module_preset=&#8221;default&#8221; global_colors_info=&#8221;{}&#8221;][et_pb_image src=&#8221;https:\/\/gk-korcula.hr\/nova\/wp-content\/uploads\/2024\/05\/Knjiznica-Korcula-logo_bijeli-300&#215;224.webp&#8221; title_text=&#8221;Knjiznica-Korcula-logo_bijeli&#8221; _builder_version=&#8221;4.25.1&#8243; _module_preset=&#8221;default&#8221; max_width=&#8221;150px&#8221; global_colors_info=&#8221;{}&#8221;][\/et_pb_image][\/et_pb_column][et_pb_column type=&#8221;1_4&#8243; _builder_version=&#8221;4.16&#8243; _module_preset=&#8221;default&#8221; global_colors_info=&#8221;{}&#8221;][et_pb_text _builder_version=&#8221;4.26.0&#8243; _module_preset=&#8221;5c989a74-8649-4b9a-a4a2-6d2b8ae2551c&#8221; header_4_font=&#8221;Roboto|700||on|||||&#8221; header_4_text_color=&#8221;#FFFFFF&#8221; header_4_font_size=&#8221;12px&#8221; header_4_letter_spacing=&#8221;3px&#8221; header_4_line_height=&#8221;1.5em&#8221; header_5_text_color=&#8221;#FFFFFF&#8221; custom_margin=&#8221;||0px||false|false&#8221; locked=&#8221;off&#8221; global_colors_info=&#8221;{}&#8221;]<\/p>\n<h4>PROJEKTI<\/h4>\n<p>[\/et_pb_text][et_pb_text _builder_version=&#8221;4.26.0&#8243; _module_preset=&#8221;7262e956-c376-4aa6-9642-c413f71527d0&#8243; text_line_height=&#8221;1.8em&#8221; link_text_color=&#8221;#FFFFFF&#8221; link_line_height=&#8221;1.2em&#8221; header_font_size_tablet=&#8221;55px&#8221; header_font_size_last_edited=&#8221;off|desktop&#8221; locked=&#8221;off&#8221; global_colors_info=&#8221;{}&#8221;]<\/p>\n<p><a href=\"https:\/\/virtualnakorcula.com\/\" target=\"_blank\" rel=\"noopener\"><span style=\"color: #ffffff;\">Virko<\/span><\/a><br \/><a href=\"https:\/\/gk-korcula.hr\/nova\/izdavastvo\/\"><span style=\"color: #ffffff;\">Izdava\u0161tvo<\/span><\/a><br \/><span style=\"color: #ffffff;\">Me\u0111unarodna suradnja<\/span><\/p>\n<p>[\/et_pb_text][\/et_pb_column][et_pb_column type=&#8221;1_4&#8243; _builder_version=&#8221;4.16&#8243; _module_preset=&#8221;default&#8221; global_colors_info=&#8221;{}&#8221;][et_pb_text _builder_version=&#8221;4.25.1&#8243; _module_preset=&#8221;5c989a74-8649-4b9a-a4a2-6d2b8ae2551c&#8221; header_4_font=&#8221;Roboto|700||on|||||&#8221; header_4_text_color=&#8221;#FFFFFF&#8221; header_4_font_size=&#8221;12px&#8221; header_4_letter_spacing=&#8221;3px&#8221; header_4_line_height=&#8221;1.5em&#8221; header_5_text_color=&#8221;#FFFFFF&#8221; custom_margin=&#8221;||0px||false|false&#8221; locked=&#8221;off&#8221; global_colors_info=&#8221;{}&#8221;]<\/p>\n<h4>o nama<\/h4>\n<p>[\/et_pb_text][et_pb_text _builder_version=&#8221;4.27.0&#8243; _module_preset=&#8221;7262e956-c376-4aa6-9642-c413f71527d0&#8243; text_line_height=&#8221;1.8em&#8221; link_text_color=&#8221;#FFFFFF&#8221; link_line_height=&#8221;1.2em&#8221; header_font_size_tablet=&#8221;55px&#8221; header_font_size_last_edited=&#8221;off|desktop&#8221; locked=&#8221;off&#8221; global_colors_info=&#8221;{}&#8221;]<a href=\"https:\/\/gk-korcula.hr\/nova\/misija-vizija-i-strategija\/\">Misija, vizija, strategija<\/a><br \/>\n<a href=\"https:\/\/gk-korcula.hr\/nova\/sluzbene-informacije\/\">Slu\u017ebene informacije<\/a><br \/>\n<a href=\"https:\/\/gk-korcula.hr\/nova\/galerija\/\">Galerija<\/a><br \/>\n<a href=\"https:\/\/gk-korcula.hr\/nova\/obavijest-o-privatnosti\/\">Obavijest o privatnosti<\/a>[\/et_pb_text][\/et_pb_column][et_pb_column type=&#8221;1_4&#8243; _builder_version=&#8221;4.16&#8243; _module_preset=&#8221;default&#8221; global_colors_info=&#8221;{}&#8221;][et_pb_text _builder_version=&#8221;4.16&#8243; _module_preset=&#8221;5c989a74-8649-4b9a-a4a2-6d2b8ae2551c&#8221; header_4_font=&#8221;Roboto|700||on|||||&#8221; header_4_text_color=&#8221;#FFFFFF&#8221; header_4_font_size=&#8221;12px&#8221; header_4_letter_spacing=&#8221;3px&#8221; header_4_line_height=&#8221;1.5em&#8221; header_5_text_color=&#8221;#FFFFFF&#8221; custom_margin=&#8221;||0px||false|false&#8221; locked=&#8221;off&#8221; global_colors_info=&#8221;{}&#8221;]<\/p>\n<h4>Newsletter<\/h4>\n<p>[\/et_pb_text][et_pb_signup mailchimp_list=&#8221;elegantthemestest|1ea2bbd026&#8243; first_name_field=&#8221;off&#8221; last_name_field=&#8221;off&#8221; success_message=&#8221;Uspje\u0161no ste se prijavili na na\u0161 newsletter!&#8221; button_text=&#8221;Upi\u0161i se&#8221; _builder_version=&#8221;4.25.1&#8243; _module_preset=&#8221;62f86cc2-2dcd-46be-8505-6a15d0adfc8e&#8221; form_field_background_color=&#8221;#FFFFFF&#8221; form_field_text_color=&#8221;#6b6b6b&#8221; form_field_custom_padding=&#8221;8px||8px||true|false&#8221; form_field_font=&#8221;|700|||||||&#8221; form_field_font_size=&#8221;12px&#8221; form_field_line_height=&#8221;1.8em&#8221; use_background_color=&#8221;off&#8221; custom_button=&#8221;on&#8221; button_text_size=&#8221;12px&#8221; button_text_color=&#8221;#FFFFFF&#8221; button_bg_color=&#8221;#F7827E&#8221; button_border_width=&#8221;0px&#8221; button_border_radius=&#8221;0px&#8221; button_font=&#8221;|700|||||||&#8221; button_custom_padding=&#8221;8px|10px|8px|10px|true|true&#8221; border_radii_fields=&#8221;on|0px|0px|0px|0px&#8221; locked=&#8221;off&#8221; global_colors_info=&#8221;{}&#8221;][\/et_pb_signup][\/et_pb_column][\/et_pb_row][\/et_pb_section]<\/p>\n","protected":false},"excerpt":{"rendered":"<p>Me\u0111unarodna suradnja Realizacija EU projekta\u00a0Library. I love it!\u00a0trajala je od kolovoza 2013. do srpnja 2015. godine kroz financiranje najmanje dvanaest planiranih mobilnosti. Cilj projekta bio je podsjetiti na funkciju suvremene [&hellip;]<\/p>\n","protected":false},"author":1,"featured_media":0,"parent":0,"menu_order":0,"comment_status":"closed","ping_status":"closed","template":"","meta":{"_et_pb_use_builder":"on","_et_pb_old_content":"","_et_gb_content_width":"","footnotes":""},"class_list":["post-890","page","type-page","status-publish","hentry"],"_links":{"self":[{"href":"https:\/\/gk-korcula.hr\/nova\/wp-json\/wp\/v2\/pages\/890","targetHints":{"allow":["GET"]}}],"collection":[{"href":"https:\/\/gk-korcula.hr\/nova\/wp-json\/wp\/v2\/pages"}],"about":[{"href":"https:\/\/gk-korcula.hr\/nova\/wp-json\/wp\/v2\/types\/page"}],"author":[{"embeddable":true,"href":"https:\/\/gk-korcula.hr\/nova\/wp-json\/wp\/v2\/users\/1"}],"replies":[{"embeddable":true,"href":"https:\/\/gk-korcula.hr\/nova\/wp-json\/wp\/v2\/comments?post=890"}],"version-history":[{"count":4,"href":"https:\/\/gk-korcula.hr\/nova\/wp-json\/wp\/v2\/pages\/890\/revisions"}],"predecessor-version":[{"id":897,"href":"https:\/\/gk-korcula.hr\/nova\/wp-json\/wp\/v2\/pages\/890\/revisions\/897"}],"wp:attachment":[{"href":"https:\/\/gk-korcula.hr\/nova\/wp-json\/wp\/v2\/media?parent=890"}],"curies":[{"name":"wp","href":"https:\/\/api.w.org\/{rel}","templated":true}]}}